{"id":2200,"date":"2025-11-12T17:29:44","date_gmt":"2025-11-12T15:29:44","guid":{"rendered":"https:\/\/fjasonphoto.com\/?page_id=2200"},"modified":"2025-11-12T17:29:44","modified_gmt":"2025-11-12T15:29:44","slug":"sorumlu-oyun","status":"publish","type":"page","link":"https:\/\/casino-bk-site11.top\/tr\/sorumlu-oyun\/","title":{"rendered":"Sorumlu Oyun"},"content":{"rendered":"<h1>Sorumlu Oyun<\/h1>\n<p>Kumar, zaman ge\u00e7irmenin e\u011flenceli ve heyecan verici bir yolu olabilir, ancak bundan keyif almak tamamen kontrol\u00fc elinizde tutmaya ba\u011fl\u0131d\u0131r. Platformumuzda, yaln\u0131zca bilin\u00e7li ve bilin\u00e7li bir oyun yakla\u015f\u0131m\u0131n\u0131n g\u00fcvenli ve tatmin edici bir deneyim sa\u011flayabilece\u011fine inan\u0131yoruz. Sorumlu oyun, hem teknik \u00f6nlemleri hem de daha geni\u015f bir kullan\u0131c\u0131 etkile\u015fimi felsefesini kapsayan hizmetlerimizin temelini olu\u015fturur.<\/p>\n<p>Sundu\u011fumuz her \u00f6zellik ve i\u015flev, oyuncular\u0131n bilin\u00e7li se\u00e7imler yapmalar\u0131n\u0131 desteklemek i\u00e7in tasarlanm\u0131\u015ft\u0131r. Amac\u0131m\u0131z kat\u0131l\u0131m\u0131 s\u0131n\u0131rlamak de\u011fil, kullan\u0131c\u0131lar\u0131n faaliyetlerini anlamalar\u0131n\u0131 ve kontrol etmelerini sa\u011flamakt\u0131r. Fark\u0131ndal\u0131k ve \u015feffafl\u0131\u011f\u0131 te\u015fvik ederek, oyuncular\u0131 kumar\u0131 garantili bir gelir kayna\u011f\u0131 veya finansal zorluklara bir \u00e7\u00f6z\u00fcm olarak de\u011fil, bir e\u011flence bi\u00e7imi olarak g\u00f6rmeye te\u015fvik ediyoruz.<\/p>\n<h3>\u015eeffafl\u0131k ve Fark\u0131ndal\u0131k<\/h3>\n<p>Her oyuncunun sistemimizin nas\u0131l \u00e7al\u0131\u015ft\u0131\u011f\u0131n\u0131 ve kendini nas\u0131l koruyaca\u011f\u0131n\u0131 anlamas\u0131 \u00e7ok \u00f6nemlidir. A\u015f\u0131r\u0131 kumar oynaman\u0131n riskleri ve \u00f6z kontrol stratejileri de dahil olmak \u00fczere kumar\u0131n do\u011fas\u0131 hakk\u0131nda net bilgiler sunuyoruz. G\u00fcvenli kumar uygulamalar\u0131, ba\u011f\u0131ml\u0131l\u0131k belirtilerinin belirlenmesi ve \u00f6l\u00e7\u00fcl\u00fcl\u00fck ipu\u00e7lar\u0131 hakk\u0131nda e\u011fitim kaynaklar\u0131 t\u00fcm ziyaret\u00e7ilere a\u00e7\u0131kt\u0131r.<\/p>\n<p>Oyuncular\u0131 yapt\u0131klar\u0131 se\u00e7imler ve olas\u0131 sonu\u00e7lar\u0131 hakk\u0131nda bilgilendirmeye \u00e7al\u0131\u015f\u0131yoruz. Her kullan\u0131c\u0131 \u00f6z fark\u0131ndal\u0131k ve \u00f6z kontrol sahibi olabilmelidir. Platformumuz, oyuncular\u0131n davran\u0131\u015flar\u0131n\u0131 kontrol etmelerini sa\u011flayan \u00f6z s\u0131n\u0131rlama, hesap ask\u0131ya alma ve ki\u015fiselle\u015ftirilmi\u015f hat\u0131rlatma mekanizmalar\u0131 sunar.<\/p>\n<p>\u015eeffafl\u0131k, kullan\u0131c\u0131larla ileti\u015fim kurma bi\u00e7imimizde de ge\u00e7erlidir. T\u00fcm mesajlar, reklam i\u00e7erikleri ve bildirimler d\u00fcr\u00fcstl\u00fck ve a\u00e7\u0131kl\u0131kla iletilir. Kazan\u00e7 vaadinde bulunmay\u0131z veya manip\u00fclasyon teknikleri kullanmay\u0131z. Kat\u0131l\u0131m her zaman g\u00f6n\u00fcll\u00fcl\u00fck esas\u0131na dayan\u0131r ve her oyuncunun platformumuzla ne zaman ve nas\u0131l etkile\u015fim kuraca\u011f\u0131na dair karar\u0131na sayg\u0131 duyar\u0131z.<\/p>\n<h3>Denge ve Kontrol<\/h3>\n<p>Oyun ve g\u00fcnl\u00fck ya\u015fam aras\u0131nda sa\u011fl\u0131kl\u0131 bir denge, sorumlu oyun oynaman\u0131n temel bir ilkesidir. Ara\u00e7lar\u0131m\u0131z, kullan\u0131c\u0131lar\u0131n s\u0131n\u0131rlar belirlemelerine ve ne zaman ara vermeleri veya ara vermeleri gerekti\u011fini bilmelerine yard\u0131mc\u0131 olmak i\u00e7in tasarlanm\u0131\u015ft\u0131r. Ge\u00e7ici hesap kilitlemeleri, iste\u011fe ba\u011fl\u0131 zaman a\u015f\u0131m\u0131 s\u00fcreleri ve uzat\u0131lm\u0131\u015f oyun oturumu uyar\u0131lar\u0131, ceza almadan para \u00e7ekme ve ki\u015fisel hedef de\u011ferlendirmesi yapma olana\u011f\u0131 sa\u011flar. Bu \u00f6zellikler, d\u00fc\u015f\u00fcnmeyi te\u015fvik eder ve oyun oynaman\u0131n olumlu ve kontroll\u00fc bir aktivite olarak kalmas\u0131n\u0131 sa\u011flar.<\/p>\n<p>Kumar sorunlar\u0131n\u0131 tart\u0131\u015fman\u0131n zor olabilece\u011finin fark\u0131nday\u0131z, bu nedenle destek hizmetlerimiz 7\/24 hizmetinizdedir. Kullan\u0131c\u0131lar\u0131m\u0131za gizli destek hizmeti sunuyoruz ve ayr\u0131ca sorumlu oyun oynama konusunda uzmanla\u015fm\u0131\u015f profesyonel kurulu\u015flarla i\u015f birli\u011fi yap\u0131yoruz. Yard\u0131m istemek bir g\u00fc\u00e7 g\u00f6stergesidir ve ihtiya\u00e7 sahiplerine rehberlik ve destek sa\u011flamak i\u00e7in kaynaklar mevcuttur.<\/p>\n<p>Platformumuz, tak\u0131nt\u0131n\u0131n de\u011fil, e\u011flencenin \u00f6nemini vurgular. Oyuncular, oyunu bir e\u011flence bi\u00e7imi olarak deneyimlemeye ve duygusal ba\u011fl\u0131l\u0131\u011f\u0131 g\u00fcnl\u00fck sorumluluklarla dengelemeye te\u015fvik edilir. Kumar, e\u011flencenin, ili\u015fkilerin veya i\u015fin yerine ge\u00e7memeli, bir ya\u015fam bi\u00e7imi olmal\u0131d\u0131r.<\/p>\n<h3>Sorumlu oyun k\u00fclt\u00fcr\u00fc geli\u015ftirmek<\/h3>\n<p>Sorumlu oyun, bir dizi s\u0131n\u0131rdan daha fazlas\u0131d\u0131r. Kumar oynamaya olgun bir yakla\u015f\u0131m\u0131 yans\u0131t\u0131r, \u00f6z fark\u0131ndal\u0131\u011f\u0131, \u00f6l\u00e7\u00fcl\u00fcl\u00fc\u011f\u00fc te\u015fvik eder ve sonu\u00e7tan ziyade s\u00fcrece de\u011fer verir. E\u011fitim giri\u015fimlerine, destek hizmetlerine ve oyuncular\u0131n oyun deneyimleriyle birlikte geli\u015febilecekleri bir ortama yat\u0131r\u0131m yap\u0131yoruz.<\/p>\n<p>Sonu\u00e7 olarak, sorumlu oyun \u00f6zg\u00fcrl\u00fc\u011f\u00fc korumakla ilgilidir. Platformumuz, kullan\u0131c\u0131lar\u0131n kendi s\u0131n\u0131rlar\u0131n\u0131 belirlemeleri ve g\u00fcvenli bir \u015fekilde kat\u0131l\u0131m sa\u011flamalar\u0131 i\u00e7in ihtiya\u00e7 duyduklar\u0131 ara\u00e7lar\u0131, bilgileri ve rehberli\u011fi sa\u011flar. \u015eeffafl\u0131\u011fa, denetime ve deste\u011fe \u00f6ncelik vererek, her oyuncunun g\u00fcvenli ve keyifli bir oyun ortam\u0131n\u0131n keyfini \u00e7\u0131karmas\u0131n\u0131 sa\u011fl\u0131yoruz. Sorumlu oyun, k\u0131s\u0131tlama de\u011fil, se\u00e7imle ilgilidir ve platformumuzdaki oyun ruhunu tan\u0131mlayan da bu se\u00e7imdir.<\/p>\n","protected":false},"excerpt":{"rendered":"<p>Sorumlu Oyun Kumar, zaman ge\u00e7irmenin e\u011flenceli ve heyecan verici bir yolu olabilir, ancak bundan keyif almak tamamen kontrol\u00fc elinizde tutmaya ba\u011fl\u0131d\u0131r. Platformumuzda, yaln\u0131zca bilin\u00e7li ve bilin\u00e7li bir oyun yakla\u015f\u0131m\u0131n\u0131n g\u00fcvenli ve tatmin edici bir deneyim sa\u011flayabilece\u011fine inan\u0131yoruz. Sorumlu oyun, hem teknik \u00f6nlemleri hem de daha geni\u015f bir kullan\u0131c\u0131 etkile\u015fimi felsefesini kapsayan hizmetlerimizin temelini olu\u015fturur. Sundu\u011fumuz [&hellip;]<\/p>\n","protected":false},"author":1,"featured_media":0,"parent":0,"menu_order":0,"comment_status":"closed","ping_status":"closed","template":"","meta":{"_acf_changed":false,"footnotes":""},"class_list":["post-2200","page","type-page","status-publish","hentry"],"acf":[],"yoast_head":"<!-- This site is optimized with the Yoast SEO plugin v27.2 - https:\/\/yoast.com\/product\/yoast-seo-wordpress\/ -->\n<title>Sorumlu Oyun | 1xbet<\/title>\n<meta name=\"robots\" content=\"index, follow, max-snippet:-1, max-image-preview:large, max-video-preview:-1\" \/>\n<link rel=\"canonical\" href=\"https:\/\/casino-bk-site11.top\/tr\/sorumlu-oyun\/\" \/>\n<meta property=\"og:locale\" content=\"ru_RU\" \/>\n<meta property=\"og:type\" content=\"article\" \/>\n<meta property=\"og:title\" content=\"Sorumlu Oyun | 1xbet\" \/>\n<meta property=\"og:description\" content=\"Sorumlu Oyun Kumar, zaman ge\u00e7irmenin e\u011flenceli ve heyecan verici bir yolu olabilir, ancak bundan keyif almak tamamen kontrol\u00fc elinizde tutmaya ba\u011fl\u0131d\u0131r. Platformumuzda, yaln\u0131zca bilin\u00e7li ve bilin\u00e7li bir oyun yakla\u015f\u0131m\u0131n\u0131n g\u00fcvenli ve tatmin edici bir deneyim sa\u011flayabilece\u011fine inan\u0131yoruz. Sorumlu oyun, hem teknik \u00f6nlemleri hem de daha geni\u015f bir kullan\u0131c\u0131 etkile\u015fimi felsefesini kapsayan hizmetlerimizin temelini olu\u015fturur. Sundu\u011fumuz [&hellip;]\" \/>\n<meta property=\"og:url\" content=\"https:\/\/casino-bk-site11.top\/tr\/sorumlu-oyun\/\" \/>\n<meta property=\"og:site_name\" content=\"1xbet\" \/>\n<meta name=\"twitter:card\" content=\"summary_large_image\" \/>\n<meta name=\"twitter:label1\" content=\"\u041f\u0440\u0438\u043c\u0435\u0440\u043d\u043e\u0435 \u0432\u0440\u0435\u043c\u044f \u0434\u043b\u044f \u0447\u0442\u0435\u043d\u0438\u044f\" \/>\n\t<meta name=\"twitter:data1\" content=\"3 \u043c\u0438\u043d\u0443\u0442\u044b\" \/>\n<script type=\"application\/ld+json\" class=\"yoast-schema-graph\">{\"@context\":\"https:\/\/schema.org\",\"@graph\":[{\"@type\":\"WebPage\",\"@id\":\"https:\/\/casino-bk-site11.top\/tr\/sorumlu-oyun\/\",\"url\":\"https:\/\/casino-bk-site11.top\/tr\/sorumlu-oyun\/\",\"name\":\"Sorumlu Oyun | 1xbet\",\"isPartOf\":{\"@id\":\"https:\/\/casino-bk-site11.top\/#website\"},\"datePublished\":\"2025-11-12T15:29:44+00:00\",\"breadcrumb\":{\"@id\":\"https:\/\/casino-bk-site11.top\/tr\/sorumlu-oyun\/#breadcrumb\"},\"inLanguage\":\"ru-RU\",\"potentialAction\":[{\"@type\":\"ReadAction\",\"target\":[\"https:\/\/casino-bk-site11.top\/tr\/sorumlu-oyun\/\"]}]},{\"@type\":\"BreadcrumbList\",\"@id\":\"https:\/\/casino-bk-site11.top\/tr\/sorumlu-oyun\/#breadcrumb\",\"itemListElement\":[{\"@type\":\"ListItem\",\"position\":1,\"name\":\"\u0413\u043b\u0430\u0432\u043d\u0430\u044f \u0441\u0442\u0440\u0430\u043d\u0438\u0446\u0430\",\"item\":\"https:\/\/fjasonphoto.com\/\"},{\"@type\":\"ListItem\",\"position\":2,\"name\":\"Sorumlu Oyun\"}]},{\"@type\":\"WebSite\",\"@id\":\"https:\/\/casino-bk-site11.top\/#website\",\"url\":\"https:\/\/casino-bk-site11.top\/\",\"name\":\"1xbet\",\"description\":\"\",\"potentialAction\":[{\"@type\":\"SearchAction\",\"target\":{\"@type\":\"EntryPoint\",\"urlTemplate\":\"https:\/\/casino-bk-site11.top\/?s={search_term_string}\"},\"query-input\":{\"@type\":\"PropertyValueSpecification\",\"valueRequired\":true,\"valueName\":\"search_term_string\"}}],\"inLanguage\":\"ru-RU\"}]}<\/script>\n<!-- \/ Yoast SEO plugin. -->","yoast_head_json":{"title":"Sorumlu Oyun | 1xbet","robots":{"index":"index","follow":"follow","max-snippet":"max-snippet:-1","max-image-preview":"max-image-preview:large","max-video-preview":"max-video-preview:-1"},"canonical":"https:\/\/casino-bk-site11.top\/tr\/sorumlu-oyun\/","og_locale":"ru_RU","og_type":"article","og_title":"Sorumlu Oyun | 1xbet","og_description":"Sorumlu Oyun Kumar, zaman ge\u00e7irmenin e\u011flenceli ve heyecan verici bir yolu olabilir, ancak bundan keyif almak tamamen kontrol\u00fc elinizde tutmaya ba\u011fl\u0131d\u0131r. Platformumuzda, yaln\u0131zca bilin\u00e7li ve bilin\u00e7li bir oyun yakla\u015f\u0131m\u0131n\u0131n g\u00fcvenli ve tatmin edici bir deneyim sa\u011flayabilece\u011fine inan\u0131yoruz. Sorumlu oyun, hem teknik \u00f6nlemleri hem de daha geni\u015f bir kullan\u0131c\u0131 etkile\u015fimi felsefesini kapsayan hizmetlerimizin temelini olu\u015fturur. Sundu\u011fumuz [&hellip;]","og_url":"https:\/\/casino-bk-site11.top\/tr\/sorumlu-oyun\/","og_site_name":"1xbet","twitter_card":"summary_large_image","twitter_misc":{"\u041f\u0440\u0438\u043c\u0435\u0440\u043d\u043e\u0435 \u0432\u0440\u0435\u043c\u044f \u0434\u043b\u044f \u0447\u0442\u0435\u043d\u0438\u044f":"3 \u043c\u0438\u043d\u0443\u0442\u044b"},"schema":{"@context":"https:\/\/schema.org","@graph":[{"@type":"WebPage","@id":"https:\/\/casino-bk-site11.top\/tr\/sorumlu-oyun\/","url":"https:\/\/casino-bk-site11.top\/tr\/sorumlu-oyun\/","name":"Sorumlu Oyun | 1xbet","isPartOf":{"@id":"https:\/\/casino-bk-site11.top\/#website"},"datePublished":"2025-11-12T15:29:44+00:00","breadcrumb":{"@id":"https:\/\/casino-bk-site11.top\/tr\/sorumlu-oyun\/#breadcrumb"},"inLanguage":"ru-RU","potentialAction":[{"@type":"ReadAction","target":["https:\/\/casino-bk-site11.top\/tr\/sorumlu-oyun\/"]}]},{"@type":"BreadcrumbList","@id":"https:\/\/casino-bk-site11.top\/tr\/sorumlu-oyun\/#breadcrumb","itemListElement":[{"@type":"ListItem","position":1,"name":"\u0413\u043b\u0430\u0432\u043d\u0430\u044f \u0441\u0442\u0440\u0430\u043d\u0438\u0446\u0430","item":"https:\/\/fjasonphoto.com\/"},{"@type":"ListItem","position":2,"name":"Sorumlu Oyun"}]},{"@type":"WebSite","@id":"https:\/\/casino-bk-site11.top\/#website","url":"https:\/\/casino-bk-site11.top\/","name":"1xbet","description":"","potentialAction":[{"@type":"SearchAction","target":{"@type":"EntryPoint","urlTemplate":"https:\/\/casino-bk-site11.top\/?s={search_term_string}"},"query-input":{"@type":"PropertyValueSpecification","valueRequired":true,"valueName":"search_term_string"}}],"inLanguage":"ru-RU"}]}},"amp_enabled":true,"_links":{"self":[{"href":"https:\/\/casino-bk-site11.top\/wp-json\/wp\/v2\/pages\/2200","targetHints":{"allow":["GET"]}}],"collection":[{"href":"https:\/\/casino-bk-site11.top\/wp-json\/wp\/v2\/pages"}],"about":[{"href":"https:\/\/casino-bk-site11.top\/wp-json\/wp\/v2\/types\/page"}],"author":[{"embeddable":true,"href":"https:\/\/casino-bk-site11.top\/wp-json\/wp\/v2\/users\/1"}],"replies":[{"embeddable":true,"href":"https:\/\/casino-bk-site11.top\/wp-json\/wp\/v2\/comments?post=2200"}],"version-history":[{"count":1,"href":"https:\/\/casino-bk-site11.top\/wp-json\/wp\/v2\/pages\/2200\/revisions"}],"predecessor-version":[{"id":2201,"href":"https:\/\/casino-bk-site11.top\/wp-json\/wp\/v2\/pages\/2200\/revisions\/2201"}],"wp:attachment":[{"href":"https:\/\/casino-bk-site11.top\/wp-json\/wp\/v2\/media?parent=2200"}],"curies":[{"name":"wp","href":"https:\/\/api.w.org\/{rel}","templated":true}]}}