{"id":2177,"date":"2025-11-12T17:17:08","date_gmt":"2025-11-12T15:17:08","guid":{"rendered":"https:\/\/fjasonphoto.com\/?page_id=2177"},"modified":"2025-11-12T17:17:34","modified_gmt":"2025-11-12T15:17:34","slug":"hakkimizda","status":"publish","type":"page","link":"https:\/\/casino-bk-site11.top\/tr\/hakkimizda\/","title":{"rendered":"Hakk\u0131m\u0131zda"},"content":{"rendered":"<h1>Hakk\u0131m\u0131zda<\/h1>\n<p>Biz sadece bir \u00e7evrimi\u00e7i oyun platformundan \u00e7ok daha fazlas\u0131y\u0131z; e\u011flencenin yenilikle bulu\u015ftu\u011fu ve her deneyimin \u00f6zg\u00fcrl\u00fck, g\u00fcvenlik ve adalet \u00fczerine kurulu oldu\u011fu bir yeriz. Misyonumuz, oyuncular\u0131n heyecan\u0131 sorumlulukla birle\u015ftirerek oyunlar\u0131n keyfini kendi \u015fartlar\u0131nda \u00e7\u0131karabilecekleri bir ortam yaratmakt\u0131r. Platformumuzun her y\u00f6n\u00fc, en y\u00fcksek g\u00fcvenlik ve \u015feffafl\u0131k standartlar\u0131n\u0131 korurken kusursuz bir deneyim sunmak \u00fczere tasarlanm\u0131\u015ft\u0131r.<\/p>\n<p>Yakla\u015f\u0131m\u0131m\u0131z, kullan\u0131c\u0131y\u0131 \u00f6n planda tutmaya odakl\u0131d\u0131r. Teknolojinin, gezinme, \u00f6zelle\u015ftirme ve kontrol i\u00e7in sezgisel ara\u00e7lar sa\u011flayarak oyun deneyimini basitle\u015ftirmesi ve geli\u015ftirmesi gerekti\u011fine inan\u0131yoruz. Ayn\u0131 zamanda, g\u00fcvenin kazan\u0131lmas\u0131 gerekti\u011finin fark\u0131nday\u0131z ve bu nedenle \u015feffafl\u0131k, d\u00fcr\u00fcstl\u00fck ve hesap verebilirlik, yapt\u0131\u011f\u0131m\u0131z her \u015feyin merkezinde yer al\u0131yor. Oyun mekaniklerinden etkile\u015fim deste\u011fine kadar her \u00f6zellik, g\u00fcven ve keyif uyand\u0131rmak i\u00e7in tasarlanm\u0131\u015ft\u0131r.<\/p>\n<h3>Sunduklar\u0131m\u0131z<\/h3>\n<p>Platformumuz, her seviyeden oyuncu i\u00e7in tasarlanm\u0131\u015f zengin ve \u00e7e\u015fitli bir oyun ekosistemi sunar. Kullan\u0131c\u0131lar, spor bahislerini, canl\u0131 etkinlikleri, \u00e7evrimi\u00e7i casino oyunlar\u0131n\u0131, sanal sporlar\u0131, slotlar\u0131 ve eSporlar\u0131 tek bir aray\u00fczde ke\u015ffedebilirler. Her g\u00fcn binlerce etkinli\u011fe eri\u015fim sa\u011flayarak, her t\u00fcrl\u00fc tercihe uygun esneklik ve se\u00e7enek sunuyoruz.<\/p>\n<p>Dinamik ve kullan\u0131\u015fl\u0131 bir kullan\u0131c\u0131 deneyimi yaratmay\u0131 hedefliyoruz. Aray\u00fcz, yeni ba\u015flayanlar\u0131n kolayca gezinebilmesini, deneyimli oyuncular\u0131n ise geli\u015fmi\u015f se\u00e7eneklerden yararlanabilmesini sa\u011flayan sezgisel, duyarl\u0131 ve bilgilendirici olacak \u015fekilde tasarlanm\u0131\u015ft\u0131r. Destek ekibimiz, sorular\u0131 yan\u0131tlamak ve her a\u015famada kullan\u0131c\u0131lara yard\u0131mc\u0131 olmak i\u00e7in 7\/24 \u00e7al\u0131\u015fmaktad\u0131r.<\/p>\n<p>Platformumuzu tan\u0131mlayan temel unsurlar \u015funlard\u0131r:<\/p>\n<ul>\n<li>Birden fazla kategoriyi kapsayan \u00e7e\u015fitli oyun se\u00e7enekleri<\/li>\n<li>G\u00fcvenilir sa\u011flay\u0131c\u0131lardan lisansl\u0131 ve do\u011frulanm\u0131\u015f oyunlar<\/li>\n<li>H\u0131zl\u0131 ve g\u00fcvenli \u00f6deme i\u015flemleri<\/li>\n<li>Ak\u0131ll\u0131 telefonlar, tabletler ve masa\u00fcst\u00fc bilgisayarlarla uyumlu mobil uyumlu tasar\u0131m<\/li>\n<li>Ki\u015fiselle\u015ftirilmi\u015f bildirimler ve ger\u00e7ek zamanl\u0131 g\u00fcncellemeler<\/li>\n<\/ul>\n<p>Bu kombinasyon, her oyuncunun cihaz veya konumdan ba\u011f\u0131ms\u0131z olarak y\u00fcksek kaliteli bir deneyime eri\u015fmesini sa\u011flarken, kolayl\u0131k ve tutarl\u0131l\u0131\u011f\u0131 da korur.<\/p>\n<h3>G\u00fcvenlik, Sorumluluk ve Topluluk<\/h3>\n<p>Operasyonlar\u0131m\u0131z\u0131n merkezinde d\u00fcr\u00fcstl\u00fck ve oyuncu korumas\u0131na adanm\u0131\u015fl\u0131k yer al\u0131r. \u0130\u015flemler g\u00fcvenlidir, oranlar \u015feffaft\u0131r ve t\u00fcm ileti\u015fimler d\u00fcr\u00fcst ve anla\u015f\u0131l\u0131rd\u0131r. Kullan\u0131c\u0131lara, kendi belirledikleri limitler, hat\u0131rlatmalar ve hesap ask\u0131ya alma gibi faaliyetlerini kontrol etmeleri i\u00e7in ihtiya\u00e7 duyduklar\u0131 ara\u00e7lar\u0131 sa\u011fl\u0131yoruz. Felsefemiz, sorumlu oyun oynaman\u0131n bir tercih oldu\u011fudur ve oyuncular\u0131n kat\u0131l\u0131mlar\u0131 hakk\u0131nda bilin\u00e7li kararlar almalar\u0131n\u0131 sa\u011fl\u0131yoruz.<\/p>\n<p>Veri g\u00fcvenli\u011fi, platformumuzun merkezinde yer al\u0131r. Ki\u015fisel ve finansal bilgileri korumak i\u00e7in geli\u015fmi\u015f \u015fifreleme, \u00e7ok katmanl\u0131 kimlik do\u011frulama ve s\u00fcrekli sistem izleme kullan\u0131yoruz. D\u00fczenli denetimler ve uluslararas\u0131 standartlara s\u0131k\u0131 s\u0131k\u0131ya ba\u011fl\u0131 kalmam\u0131z, her etkile\u015fimin g\u00fcvenli olmas\u0131n\u0131 sa\u011flar.<\/p>\n<p>Topluluk kat\u0131l\u0131m\u0131 da ayn\u0131 derecede \u00f6nemlidir. Oyuncular\u0131n de\u011ferli, desteklenmi\u015f ve duyulmu\u015f hissetti\u011fi bir ortam yarat\u0131yoruz. Amac\u0131m\u0131z, e\u011flenceyi sorumlulukla dengeleyerek oyunun e\u011flenceli ve s\u00fcrd\u00fcr\u00fclebilir oldu\u011fu bir k\u00fclt\u00fcr yaratmakt\u0131r. Sorumlu uygulamalar, eri\u015filebilir y\u00f6nergeler ve duyarl\u0131 destek sayesinde t\u00fcm kullan\u0131c\u0131lar i\u00e7in g\u00fcvenli ve geli\u015fen bir ortam sa\u011fl\u0131yoruz.<\/p>\n<h3>B\u00fcy\u00fcme ve \u00d6d\u00fcller<\/h3>\n<p>Yapt\u0131\u011f\u0131m\u0131z her \u015feyin temelinde inovasyon yat\u0131yor. Platform, yeni teknolojiler, geli\u015ftirilmi\u015f aray\u00fczler, geni\u015fletilmi\u015f oyun se\u00e7enekleri ve geli\u015ftirilmi\u015f \u00f6d\u00fcl programlar\u0131yla s\u00fcrekli geli\u015fiyor. Her g\u00fcncelleme, kullan\u0131c\u0131lar\u0131m\u0131za daha ak\u0131ll\u0131, daha h\u0131zl\u0131 ve daha ilgi \u00e7ekici deneyimler sunma taahh\u00fcd\u00fcm\u00fcz\u00fc yans\u0131t\u0131yor.<\/p>\n<p>Oyuncular\u0131m\u0131za de\u011fer veriyor ve ho\u015f geldin bonuslar\u0131, devam eden kampanyalar, geri \u00f6deme f\u0131rsatlar\u0131, turnuvalar ve sadakat programlar\u0131 gibi \u00e7e\u015fitli promosyonlarla sadakatlerini \u00f6d\u00fcllendiriyoruz. Bu giri\u015fimler, yaln\u0131zca oyunu geli\u015ftirmekle kalmay\u0131p ayn\u0131 zamanda platform ve ekibi aras\u0131ndaki ba\u011f\u0131 da g\u00fc\u00e7lendirmek i\u00e7in tasarlanm\u0131\u015ft\u0131r.<\/p>\n<h3>Toplulu\u011fumuza Kat\u0131l\u0131n<\/h3>\n<p>E\u011flence, se\u00e7enek ve sorumlulu\u011fun bir arada bulundu\u011fu bir platform in\u015fa ediyoruz. Oyuncular, destek, \u015feffafl\u0131k ve g\u00f6zetimin her zaman mevcut oldu\u011funu bilerek g\u00fcvenle oyunu ke\u015ffedebilir, rekabet edebilir ve keyfini \u00e7\u0131karabilirler. Burada, herAqot, \u00e7evrimi\u00e7i oyun deneyimini ger\u00e7ekten e\u015fsiz k\u0131lan, g\u00fcvenli, karl\u0131 ve e\u011flenceli olacak \u015fekilde tasarlanm\u0131\u015ft\u0131r.<\/p>\n","protected":false},"excerpt":{"rendered":"<p>Hakk\u0131m\u0131zda Biz sadece bir \u00e7evrimi\u00e7i oyun platformundan \u00e7ok daha fazlas\u0131y\u0131z; e\u011flencenin yenilikle bulu\u015ftu\u011fu ve her deneyimin \u00f6zg\u00fcrl\u00fck, g\u00fcvenlik ve adalet \u00fczerine kurulu oldu\u011fu bir yeriz. Misyonumuz, oyuncular\u0131n heyecan\u0131 sorumlulukla birle\u015ftirerek oyunlar\u0131n keyfini kendi \u015fartlar\u0131nda \u00e7\u0131karabilecekleri bir ortam yaratmakt\u0131r. Platformumuzun her y\u00f6n\u00fc, en y\u00fcksek g\u00fcvenlik ve \u015feffafl\u0131k standartlar\u0131n\u0131 korurken kusursuz bir deneyim sunmak \u00fczere tasarlanm\u0131\u015ft\u0131r. Yakla\u015f\u0131m\u0131m\u0131z, [&hellip;]<\/p>\n","protected":false},"author":1,"featured_media":0,"parent":0,"menu_order":0,"comment_status":"closed","ping_status":"closed","template":"","meta":{"_acf_changed":false,"footnotes":""},"class_list":["post-2177","page","type-page","status-publish","hentry"],"acf":[],"yoast_head":"<!-- This site is optimized with the Yoast SEO plugin v27.2 - https:\/\/yoast.com\/product\/yoast-seo-wordpress\/ -->\n<title>Hakk\u0131m\u0131zda | 1xbet<\/title>\n<meta name=\"robots\" content=\"index, follow, max-snippet:-1, max-image-preview:large, max-video-preview:-1\" \/>\n<link rel=\"canonical\" href=\"https:\/\/casino-bk-site11.top\/tr\/hakkimizda\/\" \/>\n<meta property=\"og:locale\" content=\"ru_RU\" \/>\n<meta property=\"og:type\" content=\"article\" \/>\n<meta property=\"og:title\" content=\"Hakk\u0131m\u0131zda | 1xbet\" \/>\n<meta property=\"og:description\" content=\"Hakk\u0131m\u0131zda Biz sadece bir \u00e7evrimi\u00e7i oyun platformundan \u00e7ok daha fazlas\u0131y\u0131z; e\u011flencenin yenilikle bulu\u015ftu\u011fu ve her deneyimin \u00f6zg\u00fcrl\u00fck, g\u00fcvenlik ve adalet \u00fczerine kurulu oldu\u011fu bir yeriz. Misyonumuz, oyuncular\u0131n heyecan\u0131 sorumlulukla birle\u015ftirerek oyunlar\u0131n keyfini kendi \u015fartlar\u0131nda \u00e7\u0131karabilecekleri bir ortam yaratmakt\u0131r. Platformumuzun her y\u00f6n\u00fc, en y\u00fcksek g\u00fcvenlik ve \u015feffafl\u0131k standartlar\u0131n\u0131 korurken kusursuz bir deneyim sunmak \u00fczere tasarlanm\u0131\u015ft\u0131r. Yakla\u015f\u0131m\u0131m\u0131z, [&hellip;]\" \/>\n<meta property=\"og:url\" content=\"https:\/\/casino-bk-site11.top\/tr\/hakkimizda\/\" \/>\n<meta property=\"og:site_name\" content=\"1xbet\" \/>\n<meta property=\"article:modified_time\" content=\"2025-11-12T15:17:34+00:00\" \/>\n<meta name=\"twitter:card\" content=\"summary_large_image\" \/>\n<meta name=\"twitter:label1\" content=\"\u041f\u0440\u0438\u043c\u0435\u0440\u043d\u043e\u0435 \u0432\u0440\u0435\u043c\u044f \u0434\u043b\u044f \u0447\u0442\u0435\u043d\u0438\u044f\" \/>\n\t<meta name=\"twitter:data1\" content=\"3 \u043c\u0438\u043d\u0443\u0442\u044b\" \/>\n<script type=\"application\/ld+json\" class=\"yoast-schema-graph\">{\"@context\":\"https:\/\/schema.org\",\"@graph\":[{\"@type\":\"WebPage\",\"@id\":\"https:\/\/casino-bk-site11.top\/tr\/hakkimizda\/\",\"url\":\"https:\/\/casino-bk-site11.top\/tr\/hakkimizda\/\",\"name\":\"Hakk\u0131m\u0131zda | 1xbet\",\"isPartOf\":{\"@id\":\"https:\/\/casino-bk-site11.top\/#website\"},\"datePublished\":\"2025-11-12T15:17:08+00:00\",\"dateModified\":\"2025-11-12T15:17:34+00:00\",\"breadcrumb\":{\"@id\":\"https:\/\/casino-bk-site11.top\/tr\/hakkimizda\/#breadcrumb\"},\"inLanguage\":\"ru-RU\",\"potentialAction\":[{\"@type\":\"ReadAction\",\"target\":[\"https:\/\/casino-bk-site11.top\/tr\/hakkimizda\/\"]}]},{\"@type\":\"BreadcrumbList\",\"@id\":\"https:\/\/casino-bk-site11.top\/tr\/hakkimizda\/#breadcrumb\",\"itemListElement\":[{\"@type\":\"ListItem\",\"position\":1,\"name\":\"\u0413\u043b\u0430\u0432\u043d\u0430\u044f \u0441\u0442\u0440\u0430\u043d\u0438\u0446\u0430\",\"item\":\"https:\/\/fjasonphoto.com\/\"},{\"@type\":\"ListItem\",\"position\":2,\"name\":\"Hakk\u0131m\u0131zda\"}]},{\"@type\":\"WebSite\",\"@id\":\"https:\/\/casino-bk-site11.top\/#website\",\"url\":\"https:\/\/casino-bk-site11.top\/\",\"name\":\"1xbet\",\"description\":\"\",\"potentialAction\":[{\"@type\":\"SearchAction\",\"target\":{\"@type\":\"EntryPoint\",\"urlTemplate\":\"https:\/\/casino-bk-site11.top\/?s={search_term_string}\"},\"query-input\":{\"@type\":\"PropertyValueSpecification\",\"valueRequired\":true,\"valueName\":\"search_term_string\"}}],\"inLanguage\":\"ru-RU\"}]}<\/script>\n<!-- \/ Yoast SEO plugin. -->","yoast_head_json":{"title":"Hakk\u0131m\u0131zda | 1xbet","robots":{"index":"index","follow":"follow","max-snippet":"max-snippet:-1","max-image-preview":"max-image-preview:large","max-video-preview":"max-video-preview:-1"},"canonical":"https:\/\/casino-bk-site11.top\/tr\/hakkimizda\/","og_locale":"ru_RU","og_type":"article","og_title":"Hakk\u0131m\u0131zda | 1xbet","og_description":"Hakk\u0131m\u0131zda Biz sadece bir \u00e7evrimi\u00e7i oyun platformundan \u00e7ok daha fazlas\u0131y\u0131z; e\u011flencenin yenilikle bulu\u015ftu\u011fu ve her deneyimin \u00f6zg\u00fcrl\u00fck, g\u00fcvenlik ve adalet \u00fczerine kurulu oldu\u011fu bir yeriz. Misyonumuz, oyuncular\u0131n heyecan\u0131 sorumlulukla birle\u015ftirerek oyunlar\u0131n keyfini kendi \u015fartlar\u0131nda \u00e7\u0131karabilecekleri bir ortam yaratmakt\u0131r. Platformumuzun her y\u00f6n\u00fc, en y\u00fcksek g\u00fcvenlik ve \u015feffafl\u0131k standartlar\u0131n\u0131 korurken kusursuz bir deneyim sunmak \u00fczere tasarlanm\u0131\u015ft\u0131r. Yakla\u015f\u0131m\u0131m\u0131z, [&hellip;]","og_url":"https:\/\/casino-bk-site11.top\/tr\/hakkimizda\/","og_site_name":"1xbet","article_modified_time":"2025-11-12T15:17:34+00:00","twitter_card":"summary_large_image","twitter_misc":{"\u041f\u0440\u0438\u043c\u0435\u0440\u043d\u043e\u0435 \u0432\u0440\u0435\u043c\u044f \u0434\u043b\u044f \u0447\u0442\u0435\u043d\u0438\u044f":"3 \u043c\u0438\u043d\u0443\u0442\u044b"},"schema":{"@context":"https:\/\/schema.org","@graph":[{"@type":"WebPage","@id":"https:\/\/casino-bk-site11.top\/tr\/hakkimizda\/","url":"https:\/\/casino-bk-site11.top\/tr\/hakkimizda\/","name":"Hakk\u0131m\u0131zda | 1xbet","isPartOf":{"@id":"https:\/\/casino-bk-site11.top\/#website"},"datePublished":"2025-11-12T15:17:08+00:00","dateModified":"2025-11-12T15:17:34+00:00","breadcrumb":{"@id":"https:\/\/casino-bk-site11.top\/tr\/hakkimizda\/#breadcrumb"},"inLanguage":"ru-RU","potentialAction":[{"@type":"ReadAction","target":["https:\/\/casino-bk-site11.top\/tr\/hakkimizda\/"]}]},{"@type":"BreadcrumbList","@id":"https:\/\/casino-bk-site11.top\/tr\/hakkimizda\/#breadcrumb","itemListElement":[{"@type":"ListItem","position":1,"name":"\u0413\u043b\u0430\u0432\u043d\u0430\u044f \u0441\u0442\u0440\u0430\u043d\u0438\u0446\u0430","item":"https:\/\/fjasonphoto.com\/"},{"@type":"ListItem","position":2,"name":"Hakk\u0131m\u0131zda"}]},{"@type":"WebSite","@id":"https:\/\/casino-bk-site11.top\/#website","url":"https:\/\/casino-bk-site11.top\/","name":"1xbet","description":"","potentialAction":[{"@type":"SearchAction","target":{"@type":"EntryPoint","urlTemplate":"https:\/\/casino-bk-site11.top\/?s={search_term_string}"},"query-input":{"@type":"PropertyValueSpecification","valueRequired":true,"valueName":"search_term_string"}}],"inLanguage":"ru-RU"}]}},"amp_enabled":true,"_links":{"self":[{"href":"https:\/\/casino-bk-site11.top\/wp-json\/wp\/v2\/pages\/2177","targetHints":{"allow":["GET"]}}],"collection":[{"href":"https:\/\/casino-bk-site11.top\/wp-json\/wp\/v2\/pages"}],"about":[{"href":"https:\/\/casino-bk-site11.top\/wp-json\/wp\/v2\/types\/page"}],"author":[{"embeddable":true,"href":"https:\/\/casino-bk-site11.top\/wp-json\/wp\/v2\/users\/1"}],"replies":[{"embeddable":true,"href":"https:\/\/casino-bk-site11.top\/wp-json\/wp\/v2\/comments?post=2177"}],"version-history":[{"count":2,"href":"https:\/\/casino-bk-site11.top\/wp-json\/wp\/v2\/pages\/2177\/revisions"}],"predecessor-version":[{"id":2179,"href":"https:\/\/casino-bk-site11.top\/wp-json\/wp\/v2\/pages\/2177\/revisions\/2179"}],"wp:attachment":[{"href":"https:\/\/casino-bk-site11.top\/wp-json\/wp\/v2\/media?parent=2177"}],"curies":[{"name":"wp","href":"https:\/\/api.w.org\/{rel}","templated":true}]}}