{"id":1589,"date":"2025-10-12T17:44:26","date_gmt":"2025-10-12T14:44:26","guid":{"rendered":"https:\/\/fjasonphoto.com\/?page_id=1589"},"modified":"2026-02-12T11:25:06","modified_gmt":"2026-02-12T09:25:06","slug":"home-new","status":"publish","type":"page","link":"https:\/\/fjasonphoto.com\/","title":{"rendered":"Main AZ"},"content":{"rendered":"","protected":false},"excerpt":{"rendered":"","protected":false},"author":1,"featured_media":0,"parent":0,"menu_order":0,"comment_status":"closed","ping_status":"closed","template":"home-new.php","meta":{"_acf_changed":false,"footnotes":""},"class_list":["post-1589","page","type-page","status-publish","hentry"],"acf":[],"yoast_head":"<!-- This site is optimized with the Yoast SEO plugin v27.2 - https:\/\/yoast.com\/product\/yoast-seo-wordpress\/ -->\n<title>1xbet y\u00fckl\u0259 Az\u0259rbaycanda mobil t\u0259tbiq vasit\u0259sil\u0259 m\u0259rcl\u0259r v\u0259 oyunlara giri\u015f<\/title>\n<meta name=\"description\" content=\"1xbet y\u00fckl\u0259 v\u0259 Az\u0259rbaycanda r\u0259smi mobil t\u0259tbiqd\u0259n istifad\u0259 et. Rahat interfeys, t\u0259hl\u00fck\u0259siz \u00f6d\u0259ni\u015f \u00fcsullar\u0131 v\u0259 24\/7 d\u0259st\u0259k xidm\u0259ti il\u0259 apar\u0131c\u0131 bukmeker platformas\u0131na qo\u015ful\" \/>\n<meta name=\"robots\" content=\"index, follow, max-snippet:-1, max-image-preview:large, max-video-preview:-1\" \/>\n<link rel=\"canonical\" href=\"https:\/\/1x.1xbet-azerbaycanda.us.com\/\" \/>\n<meta property=\"og:locale\" content=\"ru_RU\" \/>\n<meta property=\"og:type\" content=\"article\" \/>\n<meta property=\"og:title\" content=\"1xbet y\u00fckl\u0259 Az\u0259rbaycanda mobil t\u0259tbiq vasit\u0259sil\u0259 m\u0259rcl\u0259r v\u0259 oyunlara giri\u015f\" \/>\n<meta property=\"og:description\" content=\"1xbet y\u00fckl\u0259 v\u0259 Az\u0259rbaycanda r\u0259smi mobil t\u0259tbiqd\u0259n istifad\u0259 et. Rahat interfeys, t\u0259hl\u00fck\u0259siz \u00f6d\u0259ni\u015f \u00fcsullar\u0131 v\u0259 24\/7 d\u0259st\u0259k xidm\u0259ti il\u0259 apar\u0131c\u0131 bukmeker platformas\u0131na qo\u015ful\" \/>\n<meta property=\"og:url\" content=\"https:\/\/1x.1xbet-azerbaycanda.us.com\/\" \/>\n<meta property=\"og:site_name\" content=\"1xbet\" \/>\n<meta property=\"article:modified_time\" content=\"2026-02-12T09:25:06+00:00\" \/>\n<meta name=\"twitter:card\" content=\"summary_large_image\" \/>\n<script type=\"application\/ld+json\" class=\"yoast-schema-graph\">{\"@context\":\"https:\/\/schema.org\",\"@graph\":[{\"@type\":\"WebPage\",\"@id\":\"https:\/\/fjasonphoto.com\/\",\"url\":\"https:\/\/1x.1xbet-azerbaycanda.us.com\/\",\"name\":\"1xbet y\u00fckl\u0259 Az\u0259rbaycanda mobil t\u0259tbiq vasit\u0259sil\u0259 m\u0259rcl\u0259r v\u0259 oyunlara giri\u015f\",\"isPartOf\":{\"@id\":\"https:\/\/casino-bk-site11.top\/#website\"},\"datePublished\":\"2025-10-12T14:44:26+00:00\",\"dateModified\":\"2026-02-12T09:25:06+00:00\",\"description\":\"1xbet y\u00fckl\u0259 v\u0259 Az\u0259rbaycanda r\u0259smi mobil t\u0259tbiqd\u0259n istifad\u0259 et. Rahat interfeys, t\u0259hl\u00fck\u0259siz \u00f6d\u0259ni\u015f \u00fcsullar\u0131 v\u0259 24\/7 d\u0259st\u0259k xidm\u0259ti il\u0259 apar\u0131c\u0131 bukmeker platformas\u0131na qo\u015ful\",\"breadcrumb\":{\"@id\":\"https:\/\/1x.1xbet-azerbaycanda.us.com\/#breadcrumb\"},\"inLanguage\":\"ru-RU\",\"potentialAction\":[{\"@type\":\"ReadAction\",\"target\":[\"https:\/\/1x.1xbet-azerbaycanda.us.com\/\"]}]},{\"@type\":\"BreadcrumbList\",\"@id\":\"https:\/\/1x.1xbet-azerbaycanda.us.com\/#breadcrumb\",\"itemListElement\":[{\"@type\":\"ListItem\",\"position\":1,\"name\":\"\u0413\u043b\u0430\u0432\u043d\u0430\u044f \u0441\u0442\u0440\u0430\u043d\u0438\u0446\u0430\",\"item\":\"https:\/\/fjasonphoto.com\/\"},{\"@type\":\"ListItem\",\"position\":2,\"name\":\"Main AZ\"}]},{\"@type\":\"WebSite\",\"@id\":\"https:\/\/casino-bk-site11.top\/#website\",\"url\":\"https:\/\/casino-bk-site11.top\/\",\"name\":\"1xbet\",\"description\":\"\",\"potentialAction\":[{\"@type\":\"SearchAction\",\"target\":{\"@type\":\"EntryPoint\",\"urlTemplate\":\"https:\/\/casino-bk-site11.top\/?s={search_term_string}\"},\"query-input\":{\"@type\":\"PropertyValueSpecification\",\"valueRequired\":true,\"valueName\":\"search_term_string\"}}],\"inLanguage\":\"ru-RU\"}]}<\/script>\n<!-- \/ Yoast SEO plugin. -->","yoast_head_json":{"title":"1xbet y\u00fckl\u0259 Az\u0259rbaycanda mobil t\u0259tbiq vasit\u0259sil\u0259 m\u0259rcl\u0259r v\u0259 oyunlara giri\u015f","description":"1xbet y\u00fckl\u0259 v\u0259 Az\u0259rbaycanda r\u0259smi mobil t\u0259tbiqd\u0259n istifad\u0259 et. Rahat interfeys, t\u0259hl\u00fck\u0259siz \u00f6d\u0259ni\u015f \u00fcsullar\u0131 v\u0259 24\/7 d\u0259st\u0259k xidm\u0259ti il\u0259 apar\u0131c\u0131 bukmeker platformas\u0131na qo\u015ful","robots":{"index":"index","follow":"follow","max-snippet":"max-snippet:-1","max-image-preview":"max-image-preview:large","max-video-preview":"max-video-preview:-1"},"canonical":"https:\/\/1x.1xbet-azerbaycanda.us.com\/","og_locale":"ru_RU","og_type":"article","og_title":"1xbet y\u00fckl\u0259 Az\u0259rbaycanda mobil t\u0259tbiq vasit\u0259sil\u0259 m\u0259rcl\u0259r v\u0259 oyunlara giri\u015f","og_description":"1xbet y\u00fckl\u0259 v\u0259 Az\u0259rbaycanda r\u0259smi mobil t\u0259tbiqd\u0259n istifad\u0259 et. Rahat interfeys, t\u0259hl\u00fck\u0259siz \u00f6d\u0259ni\u015f \u00fcsullar\u0131 v\u0259 24\/7 d\u0259st\u0259k xidm\u0259ti il\u0259 apar\u0131c\u0131 bukmeker platformas\u0131na qo\u015ful","og_url":"https:\/\/1x.1xbet-azerbaycanda.us.com\/","og_site_name":"1xbet","article_modified_time":"2026-02-12T09:25:06+00:00","twitter_card":"summary_large_image","schema":{"@context":"https:\/\/schema.org","@graph":[{"@type":"WebPage","@id":"https:\/\/fjasonphoto.com\/","url":"https:\/\/1x.1xbet-azerbaycanda.us.com\/","name":"1xbet y\u00fckl\u0259 Az\u0259rbaycanda mobil t\u0259tbiq vasit\u0259sil\u0259 m\u0259rcl\u0259r v\u0259 oyunlara giri\u015f","isPartOf":{"@id":"https:\/\/casino-bk-site11.top\/#website"},"datePublished":"2025-10-12T14:44:26+00:00","dateModified":"2026-02-12T09:25:06+00:00","description":"1xbet y\u00fckl\u0259 v\u0259 Az\u0259rbaycanda r\u0259smi mobil t\u0259tbiqd\u0259n istifad\u0259 et. Rahat interfeys, t\u0259hl\u00fck\u0259siz \u00f6d\u0259ni\u015f \u00fcsullar\u0131 v\u0259 24\/7 d\u0259st\u0259k xidm\u0259ti il\u0259 apar\u0131c\u0131 bukmeker platformas\u0131na qo\u015ful","breadcrumb":{"@id":"https:\/\/1x.1xbet-azerbaycanda.us.com\/#breadcrumb"},"inLanguage":"ru-RU","potentialAction":[{"@type":"ReadAction","target":["https:\/\/1x.1xbet-azerbaycanda.us.com\/"]}]},{"@type":"BreadcrumbList","@id":"https:\/\/1x.1xbet-azerbaycanda.us.com\/#breadcrumb","itemListElement":[{"@type":"ListItem","position":1,"name":"\u0413\u043b\u0430\u0432\u043d\u0430\u044f \u0441\u0442\u0440\u0430\u043d\u0438\u0446\u0430","item":"https:\/\/fjasonphoto.com\/"},{"@type":"ListItem","position":2,"name":"Main AZ"}]},{"@type":"WebSite","@id":"https:\/\/casino-bk-site11.top\/#website","url":"https:\/\/casino-bk-site11.top\/","name":"1xbet","description":"","potentialAction":[{"@type":"SearchAction","target":{"@type":"EntryPoint","urlTemplate":"https:\/\/casino-bk-site11.top\/?s={search_term_string}"},"query-input":{"@type":"PropertyValueSpecification","valueRequired":true,"valueName":"search_term_string"}}],"inLanguage":"ru-RU"}]}},"amp_enabled":true,"_links":{"self":[{"href":"https:\/\/casino-bk-site11.top\/wp-json\/wp\/v2\/pages\/1589","targetHints":{"allow":["GET"]}}],"collection":[{"href":"https:\/\/casino-bk-site11.top\/wp-json\/wp\/v2\/pages"}],"about":[{"href":"https:\/\/casino-bk-site11.top\/wp-json\/wp\/v2\/types\/page"}],"author":[{"embeddable":true,"href":"https:\/\/casino-bk-site11.top\/wp-json\/wp\/v2\/users\/1"}],"replies":[{"embeddable":true,"href":"https:\/\/casino-bk-site11.top\/wp-json\/wp\/v2\/comments?post=1589"}],"version-history":[{"count":14,"href":"https:\/\/casino-bk-site11.top\/wp-json\/wp\/v2\/pages\/1589\/revisions"}],"predecessor-version":[{"id":2162,"href":"https:\/\/casino-bk-site11.top\/wp-json\/wp\/v2\/pages\/1589\/revisions\/2162"}],"wp:attachment":[{"href":"https:\/\/casino-bk-site11.top\/wp-json\/wp\/v2\/media?parent=1589"}],"curies":[{"name":"wp","href":"https:\/\/api.w.org\/{rel}","templated":true}]}}